{"id":974,"date":"2026-02-24T19:05:03","date_gmt":"2026-02-24T18:05:03","guid":{"rendered":"https:\/\/sergio.imglo.es\/?page_id=974"},"modified":"2026-02-24T20:29:05","modified_gmt":"2026-02-24T19:29:05","slug":"persianas_reparacion","status":"publish","type":"page","link":"https:\/\/sergio.imglo.es\/index.php\/persianas_reparacion\/","title":{"rendered":"Persianas"},"content":{"rendered":"\t\t<div data-elementor-type=\"wp-page\" data-elementor-id=\"974\" class=\"elementor elementor-974\" data-elementor-post-type=\"page\">\n\t\t\t\t<div class=\"elementor-element elementor-element-c1f8908 e-flex e-con-boxed e-con e-parent\" data-id=\"c1f8908\" data-element_type=\"container\" data-e-type=\"container\">\n\t\t\t\t\t<div class=\"e-con-inner\">\n\t\t\t\t<div class=\"elementor-element elementor-element-6b30a63 elementor-widget elementor-widget-heading\" data-id=\"6b30a63\" data-element_type=\"widget\" data-e-type=\"widget\" data-widget_type=\"heading.default\">\n\t\t\t\t\t<h2 class=\"elementor-heading-title elementor-size-default\">Reparaci\u00f3n r\u00e1pida de persianas<\/h2>\t\t\t\t<\/div>\n\t\t\t\t\t<\/div>\n\t\t\t\t<\/div>\n\t\t<div class=\"elementor-element elementor-element-f1d0236 e-flex e-con-boxed e-con e-parent\" data-id=\"f1d0236\" data-element_type=\"container\" data-e-type=\"container\">\n\t\t\t\t\t<div class=\"e-con-inner\">\n\t\t\t\t<div class=\"elementor-element elementor-element-c964926 elementor-widget elementor-widget-heading\" data-id=\"c964926\" data-element_type=\"widget\" data-e-type=\"widget\" data-widget_type=\"heading.default\">\n\t\t\t\t\t<h2 class=\"elementor-heading-title elementor-size-default\">Si tu persiana se atasca o deja de subir correctamente, puedes repararla f\u00e1cilmente siguiendo estos pasos.<\/h2>\t\t\t\t<\/div>\n\t\t\t\t\t<\/div>\n\t\t\t\t<\/div>\n\t\t<div class=\"elementor-element elementor-element-cb5a744 e-flex e-con-boxed e-con e-parent\" data-id=\"cb5a744\" data-element_type=\"container\" data-e-type=\"container\">\n\t\t\t\t\t<div class=\"e-con-inner\">\n\t\t\t\t<div class=\"elementor-element elementor-element-7a78e2d elementor-widget elementor-widget-spacer\" data-id=\"7a78e2d\" data-element_type=\"widget\" data-e-type=\"widget\" data-widget_type=\"spacer.default\">\n\t\t\t\t\t\t\t<div class=\"elementor-spacer\">\n\t\t\t<div class=\"elementor-spacer-inner\"><\/div>\n\t\t<\/div>\n\t\t\t\t\t\t<\/div>\n\t\t\t\t\t<\/div>\n\t\t\t\t<\/div>\n\t\t<div class=\"elementor-element elementor-element-6832630 e-flex e-con-boxed e-con e-parent\" data-id=\"6832630\" data-element_type=\"container\" data-e-type=\"container\">\n\t\t\t\t\t<div class=\"e-con-inner\">\n\t\t\t\t<div class=\"elementor-element elementor-element-cd5bc3a elementor-widget elementor-widget-heading\" data-id=\"cd5bc3a\" data-element_type=\"widget\" data-e-type=\"widget\" data-widget_type=\"heading.default\">\n\t\t\t\t\t<h2 class=\"elementor-heading-title elementor-size-default\">1. Pasos para arreglarla<\/h2>\t\t\t\t<\/div>\n\t\t\t\t\t<\/div>\n\t\t\t\t<\/div>\n\t\t<div class=\"elementor-element elementor-element-0553838 e-flex e-con-boxed e-con e-parent\" data-id=\"0553838\" data-element_type=\"container\" data-e-type=\"container\">\n\t\t\t\t\t<div class=\"e-con-inner\">\n\t\t\t\t<div class=\"elementor-element elementor-element-4db5983 elementor-widget elementor-widget-html\" data-id=\"4db5983\" data-element_type=\"widget\" data-e-type=\"widget\" data-widget_type=\"html.default\">\n\t\t\t\t\t<ol>\n    <li>Retira la persiana del soporte si es necesario. <\/li>\n    <li>Limpia y lubrica los mecanismos con aceite adecuado. <\/li>\n    <li>Verifica que las lamas no est\u00e9n dobladas ni rotas. <\/li>\n    <li>Ajusta la tensi\u00f3n del muelle o reemplaza el cord\u00f3n si es necesario.<\/li>\n    <li>Vuelve a colocar la persiana y prueba su funcionamiento. <\/li>\n    \n<\/ol>\t\t\t\t<\/div>\n\t\t\t\t\t<\/div>\n\t\t\t\t<\/div>\n\t\t<div class=\"elementor-element elementor-element-6b964f2 e-flex e-con-boxed e-con e-parent\" data-id=\"6b964f2\" data-element_type=\"container\" data-e-type=\"container\">\n\t\t\t\t\t<div class=\"e-con-inner\">\n\t\t<div class=\"elementor-element elementor-element-9535bff e-con-full e-flex e-con e-child\" data-id=\"9535bff\" data-element_type=\"container\" data-e-type=\"container\">\n\t\t\t\t<div class=\"elementor-element elementor-element-1427b4f elementor-widget elementor-widget-heading\" data-id=\"1427b4f\" data-element_type=\"widget\" data-e-type=\"widget\" data-widget_type=\"heading.default\">\n\t\t\t\t\t<h2 class=\"elementor-heading-title elementor-size-default\">2. Consejos<\/h2>\t\t\t\t<\/div>\n\t\t\t\t<\/div>\n\t\t\t\t\t<\/div>\n\t\t\t\t<\/div>\n\t\t<div class=\"elementor-element elementor-element-d7e6918 e-flex e-con-boxed e-con e-parent\" data-id=\"d7e6918\" data-element_type=\"container\" data-e-type=\"container\">\n\t\t\t\t\t<div class=\"e-con-inner\">\n\t\t<div class=\"elementor-element elementor-element-2320e2f e-con-full e-flex e-con e-child\" data-id=\"2320e2f\" data-element_type=\"container\" data-e-type=\"container\">\n\t\t\t\t<div class=\"elementor-element elementor-element-2b29350 elementor-widget elementor-widget-html\" data-id=\"2b29350\" data-element_type=\"widget\" data-e-type=\"widget\" data-widget_type=\"html.default\">\n\t\t\t\t\t<ul>\n    <li>Lubrica regularmente para prevenir atascos. <\/li>\n    <li>Evita forzar la persiana si est\u00e1 trabada.<\/li>\n    <li>Comprueba que los tornillos y soportes est\u00e9n firmes. <\/li>\n    \n    \n<\/ul>\t\t\t\t<\/div>\n\t\t\t\t<\/div>\n\t\t\t\t\t<\/div>\n\t\t\t\t<\/div>\n\t\t<div class=\"elementor-element elementor-element-42a7d67 e-flex e-con-boxed e-con e-parent\" data-id=\"42a7d67\" data-element_type=\"container\" data-e-type=\"container\">\n\t\t\t\t\t<div class=\"e-con-inner\">\n\t\t\t\t<div class=\"elementor-element elementor-element-8fa2aa8 elementor-widget elementor-widget-spacer\" data-id=\"8fa2aa8\" data-element_type=\"widget\" data-e-type=\"widget\" data-widget_type=\"spacer.default\">\n\t\t\t\t\t\t\t<div class=\"elementor-spacer\">\n\t\t\t<div class=\"elementor-spacer-inner\"><\/div>\n\t\t<\/div>\n\t\t\t\t\t\t<\/div>\n\t\t\t\t\t<\/div>\n\t\t\t\t<\/div>\n\t\t\t\t<\/div>\n\t\t","protected":false},"excerpt":{"rendered":"<p>Reparaci\u00f3n r\u00e1pida de persianas Si tu persiana se atasca o deja de subir correctamente, puedes repararla f\u00e1cilmente siguiendo estos pasos. 1. Pasos para arreglarla Retira la persiana del soporte si es necesario. Limpia y lubrica los mecanismos con aceite adecuado. Verifica que las lamas no est\u00e9n dobladas ni rotas. Ajusta la tensi\u00f3n del muelle o [&hellip;]<\/p>\n","protected":false},"author":1,"featured_media":0,"parent":0,"menu_order":0,"comment_status":"closed","ping_status":"closed","template":"","meta":{"footnotes":""},"class_list":["post-974","page","type-page","status-publish","hentry"],"_links":{"self":[{"href":"https:\/\/sergio.imglo.es\/index.php\/wp-json\/wp\/v2\/pages\/974","targetHints":{"allow":["GET"]}}],"collection":[{"href":"https:\/\/sergio.imglo.es\/index.php\/wp-json\/wp\/v2\/pages"}],"about":[{"href":"https:\/\/sergio.imglo.es\/index.php\/wp-json\/wp\/v2\/types\/page"}],"author":[{"embeddable":true,"href":"https:\/\/sergio.imglo.es\/index.php\/wp-json\/wp\/v2\/users\/1"}],"replies":[{"embeddable":true,"href":"https:\/\/sergio.imglo.es\/index.php\/wp-json\/wp\/v2\/comments?post=974"}],"version-history":[{"count":4,"href":"https:\/\/sergio.imglo.es\/index.php\/wp-json\/wp\/v2\/pages\/974\/revisions"}],"predecessor-version":[{"id":1005,"href":"https:\/\/sergio.imglo.es\/index.php\/wp-json\/wp\/v2\/pages\/974\/revisions\/1005"}],"wp:attachment":[{"href":"https:\/\/sergio.imglo.es\/index.php\/wp-json\/wp\/v2\/media?parent=974"}],"curies":[{"name":"wp","href":"https:\/\/api.w.org\/{rel}","templated":true}]}}