{"id":972,"date":"2026-02-24T19:04:15","date_gmt":"2026-02-24T18:04:15","guid":{"rendered":"https:\/\/sergio.imglo.es\/?page_id=972"},"modified":"2026-02-24T20:28:45","modified_gmt":"2026-02-24T19:28:45","slug":"herramientas_estado","status":"publish","type":"page","link":"https:\/\/sergio.imglo.es\/index.php\/herramientas_estado\/","title":{"rendered":"Herramientas"},"content":{"rendered":"\t\t<div data-elementor-type=\"wp-page\" data-elementor-id=\"972\" class=\"elementor elementor-972\" data-elementor-post-type=\"page\">\n\t\t\t\t<div class=\"elementor-element elementor-element-1f9bdda e-flex e-con-boxed e-con e-parent\" data-id=\"1f9bdda\" data-element_type=\"container\" data-e-type=\"container\">\n\t\t\t\t\t<div class=\"e-con-inner\">\n\t\t\t\t<div class=\"elementor-element elementor-element-e73d13d elementor-widget elementor-widget-heading\" data-id=\"e73d13d\" data-element_type=\"widget\" data-e-type=\"widget\" data-widget_type=\"heading.default\">\n\t\t\t\t\t<h2 class=\"elementor-heading-title elementor-size-default\">C\u00f3mo mantener tus herramientas en buen estado<\/h2>\t\t\t\t<\/div>\n\t\t\t\t\t<\/div>\n\t\t\t\t<\/div>\n\t\t<div class=\"elementor-element elementor-element-1fe1149 e-flex e-con-boxed e-con e-parent\" data-id=\"1fe1149\" data-element_type=\"container\" data-e-type=\"container\">\n\t\t\t\t\t<div class=\"e-con-inner\">\n\t\t\t\t<div class=\"elementor-element elementor-element-c2653d9 elementor-widget elementor-widget-heading\" data-id=\"c2653d9\" data-element_type=\"widget\" data-e-type=\"widget\" data-widget_type=\"heading.default\">\n\t\t\t\t\t<h2 class=\"elementor-heading-title elementor-size-default\">Un buen cuidado de las herramientas prolonga su vida \u00fatil y mejora tu seguridad al trabajar.<\/h2>\t\t\t\t<\/div>\n\t\t\t\t\t<\/div>\n\t\t\t\t<\/div>\n\t\t<div class=\"elementor-element elementor-element-c86cbed e-flex e-con-boxed e-con e-parent\" data-id=\"c86cbed\" data-element_type=\"container\" data-e-type=\"container\">\n\t\t\t\t\t<div class=\"e-con-inner\">\n\t\t\t\t<div class=\"elementor-element elementor-element-19bbee8 elementor-widget elementor-widget-spacer\" data-id=\"19bbee8\" data-element_type=\"widget\" data-e-type=\"widget\" data-widget_type=\"spacer.default\">\n\t\t\t\t\t\t\t<div class=\"elementor-spacer\">\n\t\t\t<div class=\"elementor-spacer-inner\"><\/div>\n\t\t<\/div>\n\t\t\t\t\t\t<\/div>\n\t\t\t\t\t<\/div>\n\t\t\t\t<\/div>\n\t\t<div class=\"elementor-element elementor-element-1199464 e-flex e-con-boxed e-con e-parent\" data-id=\"1199464\" data-element_type=\"container\" data-e-type=\"container\">\n\t\t\t\t\t<div class=\"e-con-inner\">\n\t\t\t\t<div class=\"elementor-element elementor-element-ec883a2 elementor-widget elementor-widget-heading\" data-id=\"ec883a2\" data-element_type=\"widget\" data-e-type=\"widget\" data-widget_type=\"heading.default\">\n\t\t\t\t\t<h2 class=\"elementor-heading-title elementor-size-default\">1. Pasos b\u00e1sicos de mantenimiento<\/h2>\t\t\t\t<\/div>\n\t\t\t\t\t<\/div>\n\t\t\t\t<\/div>\n\t\t<div class=\"elementor-element elementor-element-215510b e-flex e-con-boxed e-con e-parent\" data-id=\"215510b\" data-element_type=\"container\" data-e-type=\"container\">\n\t\t\t\t\t<div class=\"e-con-inner\">\n\t\t\t\t<div class=\"elementor-element elementor-element-f5f647c elementor-widget elementor-widget-html\" data-id=\"f5f647c\" data-element_type=\"widget\" data-e-type=\"widget\" data-widget_type=\"html.default\">\n\t\t\t\t\t<ul>\n    <li>Limpia despu\u00e9s de cada uso, eliminando polvo y residuos.<\/li>\n    <li>Engrasa las partes m\u00f3viles y afila las herramientas cortantes.<\/li>\n    <li>Guarda en un lugar seco y ordenado.<\/li>\n    <li>Revisa torniller\u00eda y sujeciones peri\u00f3dicamente.<\/li>\n<\/ul>\t\t\t\t<\/div>\n\t\t\t\t\t<\/div>\n\t\t\t\t<\/div>\n\t\t<div class=\"elementor-element elementor-element-8fe2f06 e-flex e-con-boxed e-con e-parent\" data-id=\"8fe2f06\" data-element_type=\"container\" data-e-type=\"container\">\n\t\t\t\t\t<div class=\"e-con-inner\">\n\t\t<div class=\"elementor-element elementor-element-acff523 e-con-full e-flex e-con e-child\" data-id=\"acff523\" data-element_type=\"container\" data-e-type=\"container\">\n\t\t\t\t<div class=\"elementor-element elementor-element-b17068b elementor-widget elementor-widget-heading\" data-id=\"b17068b\" data-element_type=\"widget\" data-e-type=\"widget\" data-widget_type=\"heading.default\">\n\t\t\t\t\t<h2 class=\"elementor-heading-title elementor-size-default\">2. Consejos<\/h2>\t\t\t\t<\/div>\n\t\t\t\t<\/div>\n\t\t\t\t\t<\/div>\n\t\t\t\t<\/div>\n\t\t<div class=\"elementor-element elementor-element-2bf9c63 e-flex e-con-boxed e-con e-parent\" data-id=\"2bf9c63\" data-element_type=\"container\" data-e-type=\"container\">\n\t\t\t\t\t<div class=\"e-con-inner\">\n\t\t\t\t<div class=\"elementor-element elementor-element-f813036 elementor-widget elementor-widget-html\" data-id=\"f813036\" data-element_type=\"widget\" data-e-type=\"widget\" data-widget_type=\"html.default\">\n\t\t\t\t\t<ul>\n    <li>Etiqueta y organiza tus herramientas por tipo.<\/li>\n    <li>No compartas herramientas el\u00e9ctricas sin supervisi\u00f3n.<\/li>\n    <li>Usa siempre fundas y cajas protectoras para transporte.<\/li>\n  \n<\/ul>\t\t\t\t<\/div>\n\t\t\t\t\t<\/div>\n\t\t\t\t<\/div>\n\t\t<div class=\"elementor-element elementor-element-8c38acc e-flex e-con-boxed e-con e-parent\" data-id=\"8c38acc\" data-element_type=\"container\" data-e-type=\"container\">\n\t\t\t\t\t<div class=\"e-con-inner\">\n\t\t\t\t<div class=\"elementor-element elementor-element-52bafff elementor-widget elementor-widget-spacer\" data-id=\"52bafff\" data-element_type=\"widget\" data-e-type=\"widget\" data-widget_type=\"spacer.default\">\n\t\t\t\t\t\t\t<div class=\"elementor-spacer\">\n\t\t\t<div class=\"elementor-spacer-inner\"><\/div>\n\t\t<\/div>\n\t\t\t\t\t\t<\/div>\n\t\t\t\t\t<\/div>\n\t\t\t\t<\/div>\n\t\t\t\t<\/div>\n\t\t","protected":false},"excerpt":{"rendered":"<p>C\u00f3mo mantener tus herramientas en buen estado Un buen cuidado de las herramientas prolonga su vida \u00fatil y mejora tu seguridad al trabajar. 1. Pasos b\u00e1sicos de mantenimiento Limpia despu\u00e9s de cada uso, eliminando polvo y residuos. Engrasa las partes m\u00f3viles y afila las herramientas cortantes. Guarda en un lugar seco y ordenado. Revisa torniller\u00eda [&hellip;]<\/p>\n","protected":false},"author":1,"featured_media":0,"parent":0,"menu_order":0,"comment_status":"closed","ping_status":"closed","template":"","meta":{"footnotes":""},"class_list":["post-972","page","type-page","status-publish","hentry"],"_links":{"self":[{"href":"https:\/\/sergio.imglo.es\/index.php\/wp-json\/wp\/v2\/pages\/972","targetHints":{"allow":["GET"]}}],"collection":[{"href":"https:\/\/sergio.imglo.es\/index.php\/wp-json\/wp\/v2\/pages"}],"about":[{"href":"https:\/\/sergio.imglo.es\/index.php\/wp-json\/wp\/v2\/types\/page"}],"author":[{"embeddable":true,"href":"https:\/\/sergio.imglo.es\/index.php\/wp-json\/wp\/v2\/users\/1"}],"replies":[{"embeddable":true,"href":"https:\/\/sergio.imglo.es\/index.php\/wp-json\/wp\/v2\/comments?post=972"}],"version-history":[{"count":4,"href":"https:\/\/sergio.imglo.es\/index.php\/wp-json\/wp\/v2\/pages\/972\/revisions"}],"predecessor-version":[{"id":1002,"href":"https:\/\/sergio.imglo.es\/index.php\/wp-json\/wp\/v2\/pages\/972\/revisions\/1002"}],"wp:attachment":[{"href":"https:\/\/sergio.imglo.es\/index.php\/wp-json\/wp\/v2\/media?parent=972"}],"curies":[{"name":"wp","href":"https:\/\/api.w.org\/{rel}","templated":true}]}}