{"id":965,"date":"2026-02-24T18:56:36","date_gmt":"2026-02-24T17:56:36","guid":{"rendered":"https:\/\/sergio.imglo.es\/?page_id=965"},"modified":"2026-02-24T19:20:45","modified_gmt":"2026-02-24T18:20:45","slug":"cambiar-un-grifo","status":"publish","type":"page","link":"https:\/\/sergio.imglo.es\/index.php\/cambiar-un-grifo\/","title":{"rendered":"Cambiar un grifo"},"content":{"rendered":"\t\t<div data-elementor-type=\"wp-page\" data-elementor-id=\"965\" class=\"elementor elementor-965\" data-elementor-post-type=\"page\">\n\t\t\t\t<div class=\"elementor-element elementor-element-e263dcc e-flex e-con-boxed e-con e-parent\" data-id=\"e263dcc\" data-element_type=\"container\" data-e-type=\"container\">\n\t\t\t\t\t<div class=\"e-con-inner\">\n\t\t\t\t<div class=\"elementor-element elementor-element-7495e45 elementor-widget elementor-widget-heading\" data-id=\"7495e45\" data-element_type=\"widget\" data-e-type=\"widget\" data-widget_type=\"heading.default\">\n\t\t\t\t\t<h2 class=\"elementor-heading-title elementor-size-default\">C\u00f3mo cambiar un grifo paso a paso<\/h2>\t\t\t\t<\/div>\n\t\t\t\t\t<\/div>\n\t\t\t\t<\/div>\n\t\t<div class=\"elementor-element elementor-element-cb72f8a e-flex e-con-boxed e-con e-parent\" data-id=\"cb72f8a\" data-element_type=\"container\" data-e-type=\"container\">\n\t\t\t\t\t<div class=\"e-con-inner\">\n\t\t\t\t<div class=\"elementor-element elementor-element-a52a889 elementor-widget elementor-widget-heading\" data-id=\"a52a889\" data-element_type=\"widget\" data-e-type=\"widget\" data-widget_type=\"heading.default\">\n\t\t\t\t\t<p class=\"elementor-heading-title elementor-size-default\">Cambiar un grifo puede parecer complicado, pero con las herramientas correctas y estos pasos podr\u00e1s hacerlo t\u00fa mismo de manera segura y r\u00e1pida.<\/p>\t\t\t\t<\/div>\n\t\t\t\t\t<\/div>\n\t\t\t\t<\/div>\n\t\t<div class=\"elementor-element elementor-element-bd1d648 e-flex e-con-boxed e-con e-parent\" data-id=\"bd1d648\" data-element_type=\"container\" data-e-type=\"container\">\n\t\t\t\t\t<div class=\"e-con-inner\">\n\t\t\t\t<div class=\"elementor-element elementor-element-ffad74e elementor-widget elementor-widget-spacer\" data-id=\"ffad74e\" data-element_type=\"widget\" data-e-type=\"widget\" data-widget_type=\"spacer.default\">\n\t\t\t\t\t\t\t<div class=\"elementor-spacer\">\n\t\t\t<div class=\"elementor-spacer-inner\"><\/div>\n\t\t<\/div>\n\t\t\t\t\t\t<\/div>\n\t\t\t\t\t<\/div>\n\t\t\t\t<\/div>\n\t\t<div class=\"elementor-element elementor-element-775f102 e-flex e-con-boxed e-con e-parent\" data-id=\"775f102\" data-element_type=\"container\" data-e-type=\"container\">\n\t\t\t\t\t<div class=\"e-con-inner\">\n\t\t\t\t<div class=\"elementor-element elementor-element-f5c7d10 elementor-widget elementor-widget-heading\" data-id=\"f5c7d10\" data-element_type=\"widget\" data-e-type=\"widget\" data-widget_type=\"heading.default\">\n\t\t\t\t\t<h2 class=\"elementor-heading-title elementor-size-default\">1. Materiales necesarios<\/h2>\t\t\t\t<\/div>\n\t\t\t\t\t<\/div>\n\t\t\t\t<\/div>\n\t\t<div class=\"elementor-element elementor-element-684c567 e-flex e-con-boxed e-con e-parent\" data-id=\"684c567\" data-element_type=\"container\" data-e-type=\"container\">\n\t\t\t\t\t<div class=\"e-con-inner\">\n\t\t\t\t<div class=\"elementor-element elementor-element-9be1442 elementor-widget elementor-widget-html\" data-id=\"9be1442\" data-element_type=\"widget\" data-e-type=\"widget\" data-widget_type=\"html.default\">\n\t\t\t\t\t<ul> <li>Grifo nuevo<\/li>\n\n<li>Llave inglesa<\/li>\n\n<li>Cinta de tefl\u00f3n<\/li>\n\n<li>Cubeta para recoger agua<\/li\n\/ul>\t\t\t\t<\/div>\n\t\t\t\t\t<\/div>\n\t\t\t\t<\/div>\n\t\t<div class=\"elementor-element elementor-element-d1b517b e-flex e-con-boxed e-con e-parent\" data-id=\"d1b517b\" data-element_type=\"container\" data-e-type=\"container\">\n\t\t\t\t\t<div class=\"e-con-inner\">\n\t\t\t\t<div class=\"elementor-element elementor-element-68362ce elementor-widget elementor-widget-heading\" data-id=\"68362ce\" data-element_type=\"widget\" data-e-type=\"widget\" data-widget_type=\"heading.default\">\n\t\t\t\t\t<h2 class=\"elementor-heading-title elementor-size-default\">2. Pasos<\/h2>\t\t\t\t<\/div>\n\t\t\t\t\t<\/div>\n\t\t\t\t<\/div>\n\t\t<div class=\"elementor-element elementor-element-37395fd e-flex e-con-boxed e-con e-parent\" data-id=\"37395fd\" data-element_type=\"container\" data-e-type=\"container\">\n\t\t\t\t\t<div class=\"e-con-inner\">\n\t\t\t\t<div class=\"elementor-element elementor-element-979c301 elementor-widget elementor-widget-html\" data-id=\"979c301\" data-element_type=\"widget\" data-e-type=\"widget\" data-widget_type=\"html.default\">\n\t\t\t\t\t<ol> <li>Cierra el suministro de agua.<\/li>\n\n<li>Retira el grifo antiguo aflojando las tuercas<\/li>\n\n<li>Limpia la superficie y verifica las conexiones.<\/li>\n\n<li>Instala el nuevo grifo, usando cinta de tefl\u00f3n para sellar.<\/li>\n<li>Abre el agua y comprueba que no haya fugas.<\/li>\n<\/ol>\t\t\t\t<\/div>\n\t\t\t\t\t<\/div>\n\t\t\t\t<\/div>\n\t\t<div class=\"elementor-element elementor-element-4bf1fda e-flex e-con-boxed e-con e-parent\" data-id=\"4bf1fda\" data-element_type=\"container\" data-e-type=\"container\">\n\t\t\t\t\t<div class=\"e-con-inner\">\n\t\t\t\t<div class=\"elementor-element elementor-element-7d67016 elementor-widget elementor-widget-heading\" data-id=\"7d67016\" data-element_type=\"widget\" data-e-type=\"widget\" data-widget_type=\"heading.default\">\n\t\t\t\t\t<h2 class=\"elementor-heading-title elementor-size-default\">3. Consejos<\/h2>\t\t\t\t<\/div>\n\t\t\t\t\t<\/div>\n\t\t\t\t<\/div>\n\t\t<div class=\"elementor-element elementor-element-b3231c4 e-flex e-con-boxed e-con e-parent\" data-id=\"b3231c4\" data-element_type=\"container\" data-e-type=\"container\">\n\t\t\t\t\t<div class=\"e-con-inner\">\n\t\t\t\t<div class=\"elementor-element elementor-element-63b5af7 elementor-widget elementor-widget-html\" data-id=\"63b5af7\" data-element_type=\"widget\" data-e-type=\"widget\" data-widget_type=\"html.default\">\n\t\t\t\t\t<ul> <li>Toma fotos de la instalaci\u00f3n anterior para referencia.<\/li>\n\n<li>No fuerces las conexiones para evitar da\u00f1os.<\/li>\n\n<li>Comprueba siempre que el grifo funcione correctamente antes de terminar.<\/li>\n\n\n<\/ul>\t\t\t\t<\/div>\n\t\t\t\t\t<\/div>\n\t\t\t\t<\/div>\n\t\t<div class=\"elementor-element elementor-element-e653f33 e-flex e-con-boxed e-con e-parent\" data-id=\"e653f33\" data-element_type=\"container\" data-e-type=\"container\">\n\t\t\t\t\t<div class=\"e-con-inner\">\n\t\t\t\t<div class=\"elementor-element elementor-element-618c2a3 elementor-widget elementor-widget-spacer\" data-id=\"618c2a3\" data-element_type=\"widget\" data-e-type=\"widget\" data-widget_type=\"spacer.default\">\n\t\t\t\t\t\t\t<div class=\"elementor-spacer\">\n\t\t\t<div class=\"elementor-spacer-inner\"><\/div>\n\t\t<\/div>\n\t\t\t\t\t\t<\/div>\n\t\t\t\t\t<\/div>\n\t\t\t\t<\/div>\n\t\t\t\t<\/div>\n\t\t","protected":false},"excerpt":{"rendered":"<p>C\u00f3mo cambiar un grifo paso a paso Cambiar un grifo puede parecer complicado, pero con las herramientas correctas y estos pasos podr\u00e1s hacerlo t\u00fa mismo de manera segura y r\u00e1pida. 1. Materiales necesarios Grifo nuevo Llave inglesa Cinta de tefl\u00f3n Cubeta para recoger agua 2. Pasos Cierra el suministro de agua. Retira el grifo antiguo [&hellip;]<\/p>\n","protected":false},"author":1,"featured_media":0,"parent":0,"menu_order":0,"comment_status":"closed","ping_status":"closed","template":"","meta":{"footnotes":""},"class_list":["post-965","page","type-page","status-publish","hentry"],"_links":{"self":[{"href":"https:\/\/sergio.imglo.es\/index.php\/wp-json\/wp\/v2\/pages\/965","targetHints":{"allow":["GET"]}}],"collection":[{"href":"https:\/\/sergio.imglo.es\/index.php\/wp-json\/wp\/v2\/pages"}],"about":[{"href":"https:\/\/sergio.imglo.es\/index.php\/wp-json\/wp\/v2\/types\/page"}],"author":[{"embeddable":true,"href":"https:\/\/sergio.imglo.es\/index.php\/wp-json\/wp\/v2\/users\/1"}],"replies":[{"embeddable":true,"href":"https:\/\/sergio.imglo.es\/index.php\/wp-json\/wp\/v2\/comments?post=965"}],"version-history":[{"count":10,"href":"https:\/\/sergio.imglo.es\/index.php\/wp-json\/wp\/v2\/pages\/965\/revisions"}],"predecessor-version":[{"id":989,"href":"https:\/\/sergio.imglo.es\/index.php\/wp-json\/wp\/v2\/pages\/965\/revisions\/989"}],"wp:attachment":[{"href":"https:\/\/sergio.imglo.es\/index.php\/wp-json\/wp\/v2\/media?parent=965"}],"curies":[{"name":"wp","href":"https:\/\/api.w.org\/{rel}","templated":true}]}}