{"id":286,"date":"2026-02-24T11:41:31","date_gmt":"2026-02-24T10:41:31","guid":{"rendered":"https:\/\/sergio.imglo.es\/?page_id=286"},"modified":"2026-02-24T12:22:30","modified_gmt":"2026-02-24T11:22:30","slug":"politica_privacidad","status":"publish","type":"page","link":"https:\/\/sergio.imglo.es\/index.php\/politica_privacidad\/","title":{"rendered":"Pol\u00edtica de Privacidad"},"content":{"rendered":"\t\t<div data-elementor-type=\"wp-page\" data-elementor-id=\"286\" class=\"elementor elementor-286\" data-elementor-post-type=\"page\">\n\t\t\t\t<div class=\"elementor-element elementor-element-02f7993 e-flex e-con-boxed e-con e-parent\" data-id=\"02f7993\" data-element_type=\"container\" data-e-type=\"container\">\n\t\t\t\t\t<div class=\"e-con-inner\">\n\t\t\t\t<div class=\"elementor-element elementor-element-cb98c61 elementor-widget elementor-widget-spacer\" data-id=\"cb98c61\" data-element_type=\"widget\" data-e-type=\"widget\" data-widget_type=\"spacer.default\">\n\t\t\t\t\t\t\t<div class=\"elementor-spacer\">\n\t\t\t<div class=\"elementor-spacer-inner\"><\/div>\n\t\t<\/div>\n\t\t\t\t\t\t<\/div>\n\t\t\t\t\t<\/div>\n\t\t\t\t<\/div>\n\t\t<div class=\"elementor-element elementor-element-cc691b5 e-flex e-con-boxed e-con e-parent\" data-id=\"cc691b5\" data-element_type=\"container\" data-e-type=\"container\">\n\t\t\t\t\t<div class=\"e-con-inner\">\n\t\t\t\t<div class=\"elementor-element elementor-element-b923b58 elementor-widget elementor-widget-heading\" data-id=\"b923b58\" data-element_type=\"widget\" data-e-type=\"widget\" data-widget_type=\"heading.default\">\n\t\t\t\t\t<h2 class=\"elementor-heading-title elementor-size-default\">Pol\u00edtica de privacidad<\/h2>\t\t\t\t<\/div>\n\t\t\t\t\t<\/div>\n\t\t\t\t<\/div>\n\t\t<div class=\"elementor-element elementor-element-75fb453 e-flex e-con-boxed e-con e-parent\" data-id=\"75fb453\" data-element_type=\"container\" data-e-type=\"container\">\n\t\t\t\t\t<div class=\"e-con-inner\">\n\t\t\t\t<div class=\"elementor-element elementor-element-6395f8a elementor-widget elementor-widget-heading\" data-id=\"6395f8a\" data-element_type=\"widget\" data-e-type=\"widget\" data-widget_type=\"heading.default\">\n\t\t\t\t\t<h2 class=\"elementor-heading-title elementor-size-default\">1. Responsable del tratamiento<\/h2>\t\t\t\t<\/div>\n\t\t\t\t\t<\/div>\n\t\t\t\t<\/div>\n\t\t<div class=\"elementor-element elementor-element-d419b2c e-flex e-con-boxed e-con e-parent\" data-id=\"d419b2c\" data-element_type=\"container\" data-e-type=\"container\">\n\t\t\t\t\t<div class=\"e-con-inner\">\n\t\t\t\t<div class=\"elementor-element elementor-element-3e81eaa elementor-widget elementor-widget-html\" data-id=\"3e81eaa\" data-element_type=\"widget\" data-e-type=\"widget\" data-widget_type=\"html.default\">\n\t\t\t\t\t<p style=\"color: #333333;\"\r\n\"font-size:16px\";\r\n\"font-family=Roboto\";><strong>Identidad:<\/strong> Ferreter\u00eda Rucho <br>\r\n<strong>CIF\/NIF:<\/strong> [Poner n\u00famero si procede]<br>\r\n<strong>Direcci\u00f3n:<\/strong> Av. de A Coru\u00f1a, 80, 27003 Lugo, Espa\u00f1a<br>\r\n<strong>Tel\u00e9fono:<\/strong> 982 284 313<br>\r\n<strong>Correo electr\u00f3nico: <\/strong>info@rucho.es<\/p>\t\t\t\t<\/div>\n\t\t\t\t\t<\/div>\n\t\t\t\t<\/div>\n\t\t<div class=\"elementor-element elementor-element-8ce1d3c e-flex e-con-boxed e-con e-parent\" data-id=\"8ce1d3c\" data-element_type=\"container\" data-e-type=\"container\">\n\t\t\t\t\t<div class=\"e-con-inner\">\n\t\t\t\t<div class=\"elementor-element elementor-element-e7ea7de elementor-widget-divider--view-line elementor-widget elementor-widget-divider\" data-id=\"e7ea7de\" data-element_type=\"widget\" data-e-type=\"widget\" data-widget_type=\"divider.default\">\n\t\t\t\t\t\t\t<div class=\"elementor-divider\">\n\t\t\t<span class=\"elementor-divider-separator\">\n\t\t\t\t\t\t<\/span>\n\t\t<\/div>\n\t\t\t\t\t\t<\/div>\n\t\t\t\t\t<\/div>\n\t\t\t\t<\/div>\n\t\t<div class=\"elementor-element elementor-element-e614f1a e-flex e-con-boxed e-con e-parent\" data-id=\"e614f1a\" data-element_type=\"container\" data-e-type=\"container\">\n\t\t\t\t\t<div class=\"e-con-inner\">\n\t\t\t\t<div class=\"elementor-element elementor-element-be02396 elementor-widget elementor-widget-heading\" data-id=\"be02396\" data-element_type=\"widget\" data-e-type=\"widget\" data-widget_type=\"heading.default\">\n\t\t\t\t\t<h2 class=\"elementor-heading-title elementor-size-default\">2. Finalidad del tratamiento de los datos<\/h2>\t\t\t\t<\/div>\n\t\t\t\t\t<\/div>\n\t\t\t\t<\/div>\n\t\t<div class=\"elementor-element elementor-element-140bf44 e-flex e-con-boxed e-con e-parent\" data-id=\"140bf44\" data-element_type=\"container\" data-e-type=\"container\">\n\t\t\t\t\t<div class=\"e-con-inner\">\n\t\t\t\t<div class=\"elementor-element elementor-element-852ae4d elementor-widget elementor-widget-html\" data-id=\"852ae4d\" data-element_type=\"widget\" data-e-type=\"widget\" data-widget_type=\"html.default\">\n\t\t\t\t\t<p style=\"color: #333333;\"\r\n\"font-size:16px\";\r\n\"font-family=Roboto\";>\r\nEn Ferreter\u00eda Rucho tratamos los datos personales que el usuario nos facilita a trav\u00e9s del formulario web con las siguientes finalidades: <\/p>\r\n\r\n<ul style=\"color:#333333\"\r\n\"font-size:16px\";\r\n\"font-family: Roboto\"><li>Atender solicitudes de informaci\u00f3n o contacto.<\/li>\r\n<li>Gestionar presupuestos o consultas t\u00e9cnicas.<\/li>\r\n<li>Enviar comunicaciones comerciales por correo electr\u00f3nico, si el usuario lo ha autorizado expresamente.<\/li>\r\n<li>Mejorar la experiencia de navegaci\u00f3n en nuestro sitio web.<\/li>\r\n<\/ul>\r\n<p style=\"color:#333333\";\r\n\"font-family: Roboto;\">No se tomar\u00e1n decisiones automatizadas ni se elaborar\u00e1n perfiles a partir de los datos proporcionados.<\/p>\r\n\t\t\t\t<\/div>\n\t\t\t\t\t<\/div>\n\t\t\t\t<\/div>\n\t\t<div class=\"elementor-element elementor-element-e7d50af e-flex e-con-boxed e-con e-parent\" data-id=\"e7d50af\" data-element_type=\"container\" data-e-type=\"container\">\n\t\t\t\t\t<div class=\"e-con-inner\">\n\t\t\t\t<div class=\"elementor-element elementor-element-439c7b1 elementor-widget-divider--view-line elementor-widget elementor-widget-divider\" data-id=\"439c7b1\" data-element_type=\"widget\" data-e-type=\"widget\" data-widget_type=\"divider.default\">\n\t\t\t\t\t\t\t<div class=\"elementor-divider\">\n\t\t\t<span class=\"elementor-divider-separator\">\n\t\t\t\t\t\t<\/span>\n\t\t<\/div>\n\t\t\t\t\t\t<\/div>\n\t\t\t\t\t<\/div>\n\t\t\t\t<\/div>\n\t\t<div class=\"elementor-element elementor-element-487570d e-flex e-con-boxed e-con e-parent\" data-id=\"487570d\" data-element_type=\"container\" data-e-type=\"container\">\n\t\t\t\t\t<div class=\"e-con-inner\">\n\t\t\t\t<div class=\"elementor-element elementor-element-8fa0167 elementor-widget elementor-widget-heading\" data-id=\"8fa0167\" data-element_type=\"widget\" data-e-type=\"widget\" data-widget_type=\"heading.default\">\n\t\t\t\t\t<h2 class=\"elementor-heading-title elementor-size-default\">3. Legitimaci\u00f3n<\/h2>\t\t\t\t<\/div>\n\t\t\t\t\t<\/div>\n\t\t\t\t<\/div>\n\t\t<div class=\"elementor-element elementor-element-becb873 e-flex e-con-boxed e-con e-parent\" data-id=\"becb873\" data-element_type=\"container\" data-e-type=\"container\">\n\t\t\t\t\t<div class=\"e-con-inner\">\n\t\t\t\t<div class=\"elementor-element elementor-element-c54e860 elementor-widget elementor-widget-html\" data-id=\"c54e860\" data-element_type=\"widget\" data-e-type=\"widget\" data-widget_type=\"html.default\">\n\t\t\t\t\t<p style=\"color: #333333;\"\r\n\"font-size:16px\";\r\n\"font-family=Roboto\";>La base legal para el tratamiento de tus datos es el consentimiento que prestas al rellenar y enviar el formulario o al suscribirte a comunicaciones comerciales.<\/p>\t\t\t\t<\/div>\n\t\t\t\t\t<\/div>\n\t\t\t\t<\/div>\n\t\t<div class=\"elementor-element elementor-element-7d51963 e-flex e-con-boxed e-con e-parent\" data-id=\"7d51963\" data-element_type=\"container\" data-e-type=\"container\">\n\t\t\t\t\t<div class=\"e-con-inner\">\n\t\t\t\t<div class=\"elementor-element elementor-element-d57e68b elementor-widget-divider--view-line elementor-widget elementor-widget-divider\" data-id=\"d57e68b\" data-element_type=\"widget\" data-e-type=\"widget\" data-widget_type=\"divider.default\">\n\t\t\t\t\t\t\t<div class=\"elementor-divider\">\n\t\t\t<span class=\"elementor-divider-separator\">\n\t\t\t\t\t\t<\/span>\n\t\t<\/div>\n\t\t\t\t\t\t<\/div>\n\t\t\t\t\t<\/div>\n\t\t\t\t<\/div>\n\t\t<div class=\"elementor-element elementor-element-1b94619 e-flex e-con-boxed e-con e-parent\" data-id=\"1b94619\" data-element_type=\"container\" data-e-type=\"container\">\n\t\t\t\t\t<div class=\"e-con-inner\">\n\t\t\t\t<div class=\"elementor-element elementor-element-9d34ee2 elementor-widget elementor-widget-heading\" data-id=\"9d34ee2\" data-element_type=\"widget\" data-e-type=\"widget\" data-widget_type=\"heading.default\">\n\t\t\t\t\t<h2 class=\"elementor-heading-title elementor-size-default\">4. Conservaci\u00f3n de los datos<\/h2>\t\t\t\t<\/div>\n\t\t\t\t\t<\/div>\n\t\t\t\t<\/div>\n\t\t<div class=\"elementor-element elementor-element-63bb1d8 e-flex e-con-boxed e-con e-parent\" data-id=\"63bb1d8\" data-element_type=\"container\" data-e-type=\"container\">\n\t\t\t\t\t<div class=\"e-con-inner\">\n\t\t\t\t<div class=\"elementor-element elementor-element-ecb5149 elementor-widget elementor-widget-html\" data-id=\"ecb5149\" data-element_type=\"widget\" data-e-type=\"widget\" data-widget_type=\"html.default\">\n\t\t\t\t\t<p style=\"color: #333333;\"\r\n\"font-size:16px\";\r\n\"font-family=Roboto\";>Tus datos personales se conservar\u00e1n el tiempo necesario para cumplir con la finalidad para la que se recabaron y mientras no solicites su supresi\u00f3n.<br> Posteriormente se conservar\u00e1n, debidamente bloqueados, durante los plazos exigidos legalmente.\r\n\r\n\t\t\t\t<\/div>\n\t\t\t\t\t<\/div>\n\t\t\t\t<\/div>\n\t\t<div class=\"elementor-element elementor-element-a3f9552 e-flex e-con-boxed e-con e-parent\" data-id=\"a3f9552\" data-element_type=\"container\" data-e-type=\"container\">\n\t\t\t\t\t<div class=\"e-con-inner\">\n\t\t\t\t<div class=\"elementor-element elementor-element-03bb5f5 elementor-widget-divider--view-line elementor-widget elementor-widget-divider\" data-id=\"03bb5f5\" data-element_type=\"widget\" data-e-type=\"widget\" data-widget_type=\"divider.default\">\n\t\t\t\t\t\t\t<div class=\"elementor-divider\">\n\t\t\t<span class=\"elementor-divider-separator\">\n\t\t\t\t\t\t<\/span>\n\t\t<\/div>\n\t\t\t\t\t\t<\/div>\n\t\t\t\t\t<\/div>\n\t\t\t\t<\/div>\n\t\t<div class=\"elementor-element elementor-element-65a5d8e e-flex e-con-boxed e-con e-parent\" data-id=\"65a5d8e\" data-element_type=\"container\" data-e-type=\"container\">\n\t\t\t\t\t<div class=\"e-con-inner\">\n\t\t\t\t<div class=\"elementor-element elementor-element-0aabd7c elementor-widget elementor-widget-heading\" data-id=\"0aabd7c\" data-element_type=\"widget\" data-e-type=\"widget\" data-widget_type=\"heading.default\">\n\t\t\t\t\t<h2 class=\"elementor-heading-title elementor-size-default\">5. Destinatarios de los datos<\/h2>\t\t\t\t<\/div>\n\t\t\t\t\t<\/div>\n\t\t\t\t<\/div>\n\t\t<div class=\"elementor-element elementor-element-7b26964 e-flex e-con-boxed e-con e-parent\" data-id=\"7b26964\" data-element_type=\"container\" data-e-type=\"container\">\n\t\t\t\t\t<div class=\"e-con-inner\">\n\t\t\t\t<div class=\"elementor-element elementor-element-820e18a elementor-widget elementor-widget-html\" data-id=\"820e18a\" data-element_type=\"widget\" data-e-type=\"widget\" data-widget_type=\"html.default\">\n\t\t\t\t\t<p style=\"color: #333333;\"\r\n\"font-size:16px\";\r\n\"font-family=Roboto\";>No se ceder\u00e1n datos a terceros salvo obligaci\u00f3n legal. En algunos casos, podemos contar con proveedores de servicios tecnol\u00f3gicos (como alojamiento web o formularios), con quienes hemos firmado los correspondientes contratos de encargo de tratamiento.\r\n\r\n<\/p>\t\t\t\t<\/div>\n\t\t\t\t\t<\/div>\n\t\t\t\t<\/div>\n\t\t<div class=\"elementor-element elementor-element-fdb318b e-flex e-con-boxed e-con e-parent\" data-id=\"fdb318b\" data-element_type=\"container\" data-e-type=\"container\">\n\t\t\t\t\t<div class=\"e-con-inner\">\n\t\t\t\t<div class=\"elementor-element elementor-element-7a96198 elementor-widget-divider--view-line elementor-widget elementor-widget-divider\" data-id=\"7a96198\" data-element_type=\"widget\" data-e-type=\"widget\" data-widget_type=\"divider.default\">\n\t\t\t\t\t\t\t<div class=\"elementor-divider\">\n\t\t\t<span class=\"elementor-divider-separator\">\n\t\t\t\t\t\t<\/span>\n\t\t<\/div>\n\t\t\t\t\t\t<\/div>\n\t\t\t\t\t<\/div>\n\t\t\t\t<\/div>\n\t\t<div class=\"elementor-element elementor-element-afd6b57 e-flex e-con-boxed e-con e-parent\" data-id=\"afd6b57\" data-element_type=\"container\" data-e-type=\"container\">\n\t\t\t\t\t<div class=\"e-con-inner\">\n\t\t\t\t<div class=\"elementor-element elementor-element-e3b8fb2 elementor-widget elementor-widget-heading\" data-id=\"e3b8fb2\" data-element_type=\"widget\" data-e-type=\"widget\" data-widget_type=\"heading.default\">\n\t\t\t\t\t<h2 class=\"elementor-heading-title elementor-size-default\">6. Derechos del usuario<\/h2>\t\t\t\t<\/div>\n\t\t\t\t\t<\/div>\n\t\t\t\t<\/div>\n\t\t<div class=\"elementor-element elementor-element-cf23b09 e-flex e-con-boxed e-con e-parent\" data-id=\"cf23b09\" data-element_type=\"container\" data-e-type=\"container\">\n\t\t\t\t\t<div class=\"e-con-inner\">\n\t\t\t\t<div class=\"elementor-element elementor-element-9dac3a8 elementor-widget elementor-widget-html\" data-id=\"9dac3a8\" data-element_type=\"widget\" data-e-type=\"widget\" data-widget_type=\"html.default\">\n\t\t\t\t\t<p style=\"color: #333333;\"\r\n\"font-size:16px\";\r\n\"font-family=Roboto\";>Puedes ejercer tus derechos de acceso, rectificaci\u00f3n, supresi\u00f3n, oposici\u00f3n, limitaci\u00f3n del tratamiento y portabilidad de tus datos dirigiendo una solicitud por escrito a la direcci\u00f3n postal indicada o al correo electr\u00f3nico info@rucho.es, adjuntando copia de tu DNI u otro documento identificativo v\u00e1lido.\r\n<br>\r\nTambi\u00e9n tienes derecho a presentar una reclamaci\u00f3n ante la Agencia Espa\u00f1ola de Protecci\u00f3n de Datos si consideras que se ha vulnerado alguno de tus derechos.<\/p>\t\t\t\t<\/div>\n\t\t\t\t\t<\/div>\n\t\t\t\t<\/div>\n\t\t<div class=\"elementor-element elementor-element-56f1abc e-flex e-con-boxed e-con e-parent\" data-id=\"56f1abc\" data-element_type=\"container\" data-e-type=\"container\">\n\t\t\t\t\t<div class=\"e-con-inner\">\n\t\t\t\t<div class=\"elementor-element elementor-element-77aad92 elementor-widget-divider--view-line elementor-widget elementor-widget-divider\" data-id=\"77aad92\" data-element_type=\"widget\" data-e-type=\"widget\" data-widget_type=\"divider.default\">\n\t\t\t\t\t\t\t<div class=\"elementor-divider\">\n\t\t\t<span class=\"elementor-divider-separator\">\n\t\t\t\t\t\t<\/span>\n\t\t<\/div>\n\t\t\t\t\t\t<\/div>\n\t\t\t\t\t<\/div>\n\t\t\t\t<\/div>\n\t\t<div class=\"elementor-element elementor-element-0f8321a e-flex e-con-boxed e-con e-parent\" data-id=\"0f8321a\" data-element_type=\"container\" data-e-type=\"container\">\n\t\t\t\t\t<div class=\"e-con-inner\">\n\t\t\t\t<div class=\"elementor-element elementor-element-7ad5339 elementor-widget elementor-widget-heading\" data-id=\"7ad5339\" data-element_type=\"widget\" data-e-type=\"widget\" data-widget_type=\"heading.default\">\n\t\t\t\t\t<h2 class=\"elementor-heading-title elementor-size-default\">7. Seguridad de los datos<\/h2>\t\t\t\t<\/div>\n\t\t\t\t\t<\/div>\n\t\t\t\t<\/div>\n\t\t<div class=\"elementor-element elementor-element-24bc4a1 e-flex e-con-boxed e-con e-parent\" data-id=\"24bc4a1\" data-element_type=\"container\" data-e-type=\"container\">\n\t\t\t\t\t<div class=\"e-con-inner\">\n\t\t\t\t<div class=\"elementor-element elementor-element-fea544f elementor-widget elementor-widget-html\" data-id=\"fea544f\" data-element_type=\"widget\" data-e-type=\"widget\" data-widget_type=\"html.default\">\n\t\t\t\t\t<p style=\"color: #333333;\"\r\n\"font-size:16px\";\r\n\"font-family=Roboto\";>Ferreter\u00eda Rucho adopta las medidas t\u00e9cnicas y organizativas necesarias para garantizar la seguridad de los datos personales y evitar su alteraci\u00f3n, p\u00e9rdida, tratamiento o acceso no autorizado.<\/p>\t\t\t\t<\/div>\n\t\t\t\t\t<\/div>\n\t\t\t\t<\/div>\n\t\t<div class=\"elementor-element elementor-element-e9008c4 e-flex e-con-boxed e-con e-parent\" data-id=\"e9008c4\" data-element_type=\"container\" data-e-type=\"container\">\n\t\t\t\t\t<div class=\"e-con-inner\">\n\t\t\t\t<div class=\"elementor-element elementor-element-eb0c88f elementor-widget-divider--view-line elementor-widget elementor-widget-divider\" data-id=\"eb0c88f\" data-element_type=\"widget\" data-e-type=\"widget\" data-widget_type=\"divider.default\">\n\t\t\t\t\t\t\t<div class=\"elementor-divider\">\n\t\t\t<span class=\"elementor-divider-separator\">\n\t\t\t\t\t\t<\/span>\n\t\t<\/div>\n\t\t\t\t\t\t<\/div>\n\t\t\t\t\t<\/div>\n\t\t\t\t<\/div>\n\t\t<div class=\"elementor-element elementor-element-4c7d479 e-flex e-con-boxed e-con e-parent\" data-id=\"4c7d479\" data-element_type=\"container\" data-e-type=\"container\">\n\t\t\t\t\t<div class=\"e-con-inner\">\n\t\t\t\t<div class=\"elementor-element elementor-element-f593e44 elementor-widget elementor-widget-heading\" data-id=\"f593e44\" data-element_type=\"widget\" data-e-type=\"widget\" data-widget_type=\"heading.default\">\n\t\t\t\t\t<h2 class=\"elementor-heading-title elementor-size-default\">8. Cambios en la pol\u00edtica de privacidad<\/h2>\t\t\t\t<\/div>\n\t\t\t\t\t<\/div>\n\t\t\t\t<\/div>\n\t\t<div class=\"elementor-element elementor-element-5c608c0 e-flex e-con-boxed e-con e-parent\" data-id=\"5c608c0\" data-element_type=\"container\" data-e-type=\"container\">\n\t\t\t\t\t<div class=\"e-con-inner\">\n\t\t\t\t<div class=\"elementor-element elementor-element-1144402 elementor-widget elementor-widget-html\" data-id=\"1144402\" data-element_type=\"widget\" data-e-type=\"widget\" data-widget_type=\"html.default\">\n\t\t\t\t\t<p style=\"color: #333333;\"\r\n\"font-size:16px\";\r\n\"font-family=Roboto\";>Ferreter\u00eda Rucho se reserva el derecho a modificar esta pol\u00edtica de privacidad para adaptarla a novedades legislativas o jurisprudenciales. Cualquier cambio ser\u00e1 publicado en esta misma p\u00e1gina.<\/p>\t\t\t\t<\/div>\n\t\t\t\t\t<\/div>\n\t\t\t\t<\/div>\n\t\t<div class=\"elementor-element elementor-element-c70de35 e-flex e-con-boxed e-con e-parent\" data-id=\"c70de35\" data-element_type=\"container\" data-e-type=\"container\">\n\t\t\t\t\t<div class=\"e-con-inner\">\n\t\t\t\t<div class=\"elementor-element elementor-element-c4bb7d9 elementor-widget elementor-widget-spacer\" data-id=\"c4bb7d9\" data-element_type=\"widget\" data-e-type=\"widget\" data-widget_type=\"spacer.default\">\n\t\t\t\t\t\t\t<div class=\"elementor-spacer\">\n\t\t\t<div class=\"elementor-spacer-inner\"><\/div>\n\t\t<\/div>\n\t\t\t\t\t\t<\/div>\n\t\t\t\t\t<\/div>\n\t\t\t\t<\/div>\n\t\t\t\t<\/div>\n\t\t","protected":false},"excerpt":{"rendered":"<p>Pol\u00edtica de privacidad 1. Responsable del tratamiento Identidad: Ferreter\u00eda Rucho CIF\/NIF: [Poner n\u00famero si procede] Direcci\u00f3n: Av. de A Coru\u00f1a, 80, 27003 Lugo, Espa\u00f1a Tel\u00e9fono: 982 284 313 Correo electr\u00f3nico: info@rucho.es 2. Finalidad del tratamiento de los datos En Ferreter\u00eda Rucho tratamos los datos personales que el usuario nos facilita a trav\u00e9s del formulario web [&hellip;]<\/p>\n","protected":false},"author":1,"featured_media":0,"parent":0,"menu_order":0,"comment_status":"closed","ping_status":"closed","template":"","meta":{"footnotes":""},"class_list":["post-286","page","type-page","status-publish","hentry"],"_links":{"self":[{"href":"https:\/\/sergio.imglo.es\/index.php\/wp-json\/wp\/v2\/pages\/286","targetHints":{"allow":["GET"]}}],"collection":[{"href":"https:\/\/sergio.imglo.es\/index.php\/wp-json\/wp\/v2\/pages"}],"about":[{"href":"https:\/\/sergio.imglo.es\/index.php\/wp-json\/wp\/v2\/types\/page"}],"author":[{"embeddable":true,"href":"https:\/\/sergio.imglo.es\/index.php\/wp-json\/wp\/v2\/users\/1"}],"replies":[{"embeddable":true,"href":"https:\/\/sergio.imglo.es\/index.php\/wp-json\/wp\/v2\/comments?post=286"}],"version-history":[{"count":20,"href":"https:\/\/sergio.imglo.es\/index.php\/wp-json\/wp\/v2\/pages\/286\/revisions"}],"predecessor-version":[{"id":839,"href":"https:\/\/sergio.imglo.es\/index.php\/wp-json\/wp\/v2\/pages\/286\/revisions\/839"}],"wp:attachment":[{"href":"https:\/\/sergio.imglo.es\/index.php\/wp-json\/wp\/v2\/media?parent=286"}],"curies":[{"name":"wp","href":"https:\/\/api.w.org\/{rel}","templated":true}]}}