{"id":276,"date":"2026-02-24T11:41:31","date_gmt":"2026-02-24T10:41:31","guid":{"rendered":"https:\/\/sergio.imglo.es\/?page_id=276"},"modified":"2026-02-24T12:22:47","modified_gmt":"2026-02-24T11:22:47","slug":"terminos_condiciones","status":"publish","type":"page","link":"https:\/\/sergio.imglo.es\/index.php\/terminos_condiciones\/","title":{"rendered":"Terminos y Condiciones de Uso"},"content":{"rendered":"\t\t<div data-elementor-type=\"wp-page\" data-elementor-id=\"276\" class=\"elementor elementor-276\" data-elementor-post-type=\"page\">\n\t\t\t\t<div class=\"elementor-element elementor-element-6293e10 e-flex e-con-boxed e-con e-parent\" data-id=\"6293e10\" data-element_type=\"container\" data-e-type=\"container\">\n\t\t\t\t\t<div class=\"e-con-inner\">\n\t\t\t\t<div class=\"elementor-element elementor-element-16fcba2 elementor-widget elementor-widget-spacer\" data-id=\"16fcba2\" data-element_type=\"widget\" data-e-type=\"widget\" data-widget_type=\"spacer.default\">\n\t\t\t\t\t\t\t<div class=\"elementor-spacer\">\n\t\t\t<div class=\"elementor-spacer-inner\"><\/div>\n\t\t<\/div>\n\t\t\t\t\t\t<\/div>\n\t\t\t\t\t<\/div>\n\t\t\t\t<\/div>\n\t\t<div class=\"elementor-element elementor-element-461579c e-flex e-con-boxed e-con e-parent\" data-id=\"461579c\" data-element_type=\"container\" data-e-type=\"container\">\n\t\t\t\t\t<div class=\"e-con-inner\">\n\t\t\t\t<div class=\"elementor-element elementor-element-27d172c elementor-widget elementor-widget-heading\" data-id=\"27d172c\" data-element_type=\"widget\" data-e-type=\"widget\" data-widget_type=\"heading.default\">\n\t\t\t\t\t<h2 class=\"elementor-heading-title elementor-size-default\">Terminos y Condiciones de Uso<\/h2>\t\t\t\t<\/div>\n\t\t\t\t\t<\/div>\n\t\t\t\t<\/div>\n\t\t<div class=\"elementor-element elementor-element-c1eb118 e-flex e-con-boxed e-con e-parent\" data-id=\"c1eb118\" data-element_type=\"container\" data-e-type=\"container\">\n\t\t\t\t\t<div class=\"e-con-inner\">\n\t\t\t\t<div class=\"elementor-element elementor-element-a41691b elementor-widget elementor-widget-heading\" data-id=\"a41691b\" data-element_type=\"widget\" data-e-type=\"widget\" data-widget_type=\"heading.default\">\n\t\t\t\t\t<h1 class=\"elementor-heading-title elementor-size-default\">1. Informaci\u00f3n General<\/h1>\t\t\t\t<\/div>\n\t\t\t\t\t<\/div>\n\t\t\t\t<\/div>\n\t\t<div class=\"elementor-element elementor-element-67340b4 e-flex e-con-boxed e-con e-parent\" data-id=\"67340b4\" data-element_type=\"container\" data-e-type=\"container\">\n\t\t\t\t\t<div class=\"e-con-inner\">\n\t\t\t\t<div class=\"elementor-element elementor-element-f131133 elementor-widget elementor-widget-html\" data-id=\"f131133\" data-element_type=\"widget\" data-e-type=\"widget\" data-widget_type=\"html.default\">\n\t\t\t\t\t\n    \n\n\n\n\n\n<p style=\"color: #000000 !important;\n        font-size: 16px!important;\n        font-family: Roboto  !important;\">Este sitio web es operado por Ferreter\u00eda Rucho, con domicilio en Av. de A Coru\u00f1a, 80, 27003 Lugo, Espa\u00f1a. Puedes contactarnos a trav\u00e9s del correo electr\u00f3nico info@rucho.es o llamando al 982 284 313.<\/p>\t\t\t\t<\/div>\n\t\t\t\t\t<\/div>\n\t\t\t\t<\/div>\n\t\t<div class=\"elementor-element elementor-element-f8bc0c7 e-flex e-con-boxed e-con e-parent\" data-id=\"f8bc0c7\" data-element_type=\"container\" data-e-type=\"container\">\n\t\t\t\t\t<div class=\"e-con-inner\">\n\t\t\t\t<div class=\"elementor-element elementor-element-7bcc125 elementor-widget elementor-widget-heading\" data-id=\"7bcc125\" data-element_type=\"widget\" data-e-type=\"widget\" data-widget_type=\"heading.default\">\n\t\t\t\t\t<h2 class=\"elementor-heading-title elementor-size-default\">2. Objeto<\/h2>\t\t\t\t<\/div>\n\t\t\t\t\t<\/div>\n\t\t\t\t<\/div>\n\t\t<div class=\"elementor-element elementor-element-9aa837a e-flex e-con-boxed e-con e-parent\" data-id=\"9aa837a\" data-element_type=\"container\" data-e-type=\"container\">\n\t\t\t\t\t<div class=\"e-con-inner\">\n\t\t\t\t<div class=\"elementor-element elementor-element-fbef00e elementor-widget elementor-widget-text-editor\" data-id=\"fbef00e\" data-element_type=\"widget\" data-e-type=\"widget\" data-widget_type=\"text-editor.default\">\n\t\t\t\t\t\t\t\t\t<style> \np{\ncolor:#333333;\nfont-size: 16px;\n}\n<\/style>\n\n<p> Los presentes T\u00e9rminos y Condiciones regulan el acceso y uso del sitio web rucho.es, as\u00ed como la informaci\u00f3n sobre nuestros productos y servicios disponibles en nuestras tiendas f\u00edsicas.<\/p>\n\t\t\t\t\t\t\t\t<\/div>\n\t\t\t\t\t<\/div>\n\t\t\t\t<\/div>\n\t\t<div class=\"elementor-element elementor-element-46ae3b7 e-flex e-con-boxed e-con e-parent\" data-id=\"46ae3b7\" data-element_type=\"container\" data-e-type=\"container\">\n\t\t\t\t\t<div class=\"e-con-inner\">\n\t\t\t\t<div class=\"elementor-element elementor-element-46bf097 elementor-widget elementor-widget-heading\" data-id=\"46bf097\" data-element_type=\"widget\" data-e-type=\"widget\" data-widget_type=\"heading.default\">\n\t\t\t\t\t<h2 class=\"elementor-heading-title elementor-size-default\">3. Condiciones de uso<\/h2>\t\t\t\t<\/div>\n\t\t\t\t\t<\/div>\n\t\t\t\t<\/div>\n\t\t<div class=\"elementor-element elementor-element-223b62b e-flex e-con-boxed e-con e-parent\" data-id=\"223b62b\" data-element_type=\"container\" data-e-type=\"container\">\n\t\t\t\t\t<div class=\"e-con-inner\">\n\t\t\t\t<div class=\"elementor-element elementor-element-58fc9f2 elementor-widget elementor-widget-text-editor\" data-id=\"58fc9f2\" data-element_type=\"widget\" data-e-type=\"widget\" data-widget_type=\"text-editor.default\">\n\t\t\t\t\t\t\t\t\t<style>\nul {\ncolor: #333333;\n}\n<\/style>\n\n<ul>\n \t<li class=\"fontsninja-font\" data-ninja-font=\"roboto_regular_normal_um9ib\"><strong class=\"fontsninja-font\" data-ninja-font=\"roboto_regular_normal_um9ib\">Acceso y uso<\/strong>: El acceso a este sitio web es gratuito y est\u00e1 destinado a usuarios mayores de edad.<\/li>\n \t<li class=\"fontsninja-font\" data-ninja-font=\"roboto_regular_normal_um9ib\"><strong class=\"fontsninja-font\" data-ninja-font=\"roboto_regular_normal_um9ib\">Comportamiento del usuario<\/strong>: El usuario se compromete a utilizar el sitio web de manera \u00e9tica y legal, absteni\u00e9ndose de realizar actividades que puedan da\u00f1ar la imagen, los intereses o los derechos de Ferreter\u00eda Rucho o de terceros.<\/li>\n<\/ul>\t\t\t\t\t\t\t\t<\/div>\n\t\t\t\t\t<\/div>\n\t\t\t\t<\/div>\n\t\t<div class=\"elementor-element elementor-element-ed8fe25 e-flex e-con-boxed e-con e-parent\" data-id=\"ed8fe25\" data-element_type=\"container\" data-e-type=\"container\">\n\t\t\t\t\t<div class=\"e-con-inner\">\n\t\t\t\t<div class=\"elementor-element elementor-element-6ae713e elementor-widget elementor-widget-heading\" data-id=\"6ae713e\" data-element_type=\"widget\" data-e-type=\"widget\" data-widget_type=\"heading.default\">\n\t\t\t\t\t<h2 class=\"elementor-heading-title elementor-size-default\">4. Propiedad Intelectual<\/h2>\t\t\t\t<\/div>\n\t\t\t\t\t<\/div>\n\t\t\t\t<\/div>\n\t\t<div class=\"elementor-element elementor-element-8f57d32 e-flex e-con-boxed e-con e-parent\" data-id=\"8f57d32\" data-element_type=\"container\" data-e-type=\"container\">\n\t\t\t\t\t<div class=\"e-con-inner\">\n\t\t\t\t<div class=\"elementor-element elementor-element-6737e0c elementor-widget elementor-widget-text-editor\" data-id=\"6737e0c\" data-element_type=\"widget\" data-e-type=\"widget\" data-widget_type=\"text-editor.default\">\n\t\t\t\t\t\t\t\t\t<p><style><span data-mce-type=\"bookmark\" style=\"display: inline-block; width: 0px; overflow: hidden; line-height: 0;\" class=\"mce_SELRES_start\">\ufeff<\/span><br \/>\nul {<br \/>\ncolor: #333333;<br \/>\n}<br \/>\n<\/style><\/p><p>Todos los contenidos del sitio web, incluyendo textos, im\u00e1genes, logotipos y dise\u00f1os, son propiedad de Ferreter\u00eda Rucho o de terceros con licencia. Queda prohibida su reproducci\u00f3n, distribuci\u00f3n o uso sin autorizaci\u00f3n expresa.<\/p>\t\t\t\t\t\t\t\t<\/div>\n\t\t\t\t\t<\/div>\n\t\t\t\t<\/div>\n\t\t<div class=\"elementor-element elementor-element-ae6b913 e-flex e-con-boxed e-con e-parent\" data-id=\"ae6b913\" data-element_type=\"container\" data-e-type=\"container\">\n\t\t\t\t\t<div class=\"e-con-inner\">\n\t\t\t\t<div class=\"elementor-element elementor-element-fe2dbd7 elementor-widget elementor-widget-heading\" data-id=\"fe2dbd7\" data-element_type=\"widget\" data-e-type=\"widget\" data-widget_type=\"heading.default\">\n\t\t\t\t\t<h2 class=\"elementor-heading-title elementor-size-default\">5. Responsabilidad<\/h2>\t\t\t\t<\/div>\n\t\t\t\t\t<\/div>\n\t\t\t\t<\/div>\n\t\t<div class=\"elementor-element elementor-element-d2fc2b8 e-flex e-con-boxed e-con e-parent\" data-id=\"d2fc2b8\" data-element_type=\"container\" data-e-type=\"container\">\n\t\t\t\t\t<div class=\"e-con-inner\">\n\t\t\t\t<div class=\"elementor-element elementor-element-f75c1e5 elementor-widget elementor-widget-text-editor\" data-id=\"f75c1e5\" data-element_type=\"widget\" data-e-type=\"widget\" data-widget_type=\"text-editor.default\">\n\t\t\t\t\t\t\t\t\t<p><style><span data-mce-type=\"bookmark\" style=\"display: inline-block; width: 0px; overflow: hidden; line-height: 0;\" class=\"mce_SELRES_start\">\ufeff<\/span><br \/>ul {<br \/>color: #333333;<br \/>}<br \/><\/style><\/p><p class=\"fontsninja-font\" data-ninja-font=\"roboto_regular_normal_um9ib\">Ferreter\u00eda Rucho no se responsabiliza de los da\u00f1os directos o indirectos que puedan derivarse del uso del sitio web o de la informaci\u00f3n contenida en el mismo.<\/p>\t\t\t\t\t\t\t\t<\/div>\n\t\t\t\t\t<\/div>\n\t\t\t\t<\/div>\n\t\t<div class=\"elementor-element elementor-element-3f19dcb e-flex e-con-boxed e-con e-parent\" data-id=\"3f19dcb\" data-element_type=\"container\" data-e-type=\"container\">\n\t\t\t\t\t<div class=\"e-con-inner\">\n\t\t\t\t<div class=\"elementor-element elementor-element-e2b92cb elementor-widget elementor-widget-heading\" data-id=\"e2b92cb\" data-element_type=\"widget\" data-e-type=\"widget\" data-widget_type=\"heading.default\">\n\t\t\t\t\t<h2 class=\"elementor-heading-title elementor-size-default\">6. Modificaciones<\/h2>\t\t\t\t<\/div>\n\t\t\t\t\t<\/div>\n\t\t\t\t<\/div>\n\t\t<div class=\"elementor-element elementor-element-2605fc8 e-flex e-con-boxed e-con e-parent\" data-id=\"2605fc8\" data-element_type=\"container\" data-e-type=\"container\">\n\t\t\t\t\t<div class=\"e-con-inner\">\n\t\t\t\t<div class=\"elementor-element elementor-element-6b641e4 elementor-widget elementor-widget-text-editor\" data-id=\"6b641e4\" data-element_type=\"widget\" data-e-type=\"widget\" data-widget_type=\"text-editor.default\">\n\t\t\t\t\t\t\t\t\t<style>\np{\ncolor: #333333;\nfont-size:16px;\n}\n<\/style>\n\n<p>Nos reservamos el derecho de modificar estos T\u00e9rminos y Condiciones en cualquier momento. Las modificaciones entrar\u00e1n en vigor desde su publicaci\u00f3n en el sitio web.\n<\/p>\t\t\t\t\t\t\t\t<\/div>\n\t\t\t\t\t<\/div>\n\t\t\t\t<\/div>\n\t\t<div class=\"elementor-element elementor-element-af094d5 e-flex e-con-boxed e-con e-parent\" data-id=\"af094d5\" data-element_type=\"container\" data-e-type=\"container\">\n\t\t\t\t\t<div class=\"e-con-inner\">\n\t\t\t\t<div class=\"elementor-element elementor-element-e0fe2ff elementor-widget elementor-widget-heading\" data-id=\"e0fe2ff\" data-element_type=\"widget\" data-e-type=\"widget\" data-widget_type=\"heading.default\">\n\t\t\t\t\t<h2 class=\"elementor-heading-title elementor-size-default\">7. Legislaci\u00f3n Aplicable<\/h2>\t\t\t\t<\/div>\n\t\t\t\t\t<\/div>\n\t\t\t\t<\/div>\n\t\t<div class=\"elementor-element elementor-element-6772fe4 e-flex e-con-boxed e-con e-parent\" data-id=\"6772fe4\" data-element_type=\"container\" data-e-type=\"container\">\n\t\t\t\t\t<div class=\"e-con-inner\">\n\t\t\t\t<div class=\"elementor-element elementor-element-2ebf2dd elementor-widget elementor-widget-text-editor\" data-id=\"2ebf2dd\" data-element_type=\"widget\" data-e-type=\"widget\" data-widget_type=\"text-editor.default\">\n\t\t\t\t\t\t\t\t\t<style>\np{<br \/>color: #333333;<br \/>font-size:16px;<br \/>}<br \/><\/style>\n<p><span style=\"font-family: -apple-system, BlinkMacSystemFont, &quot;Segoe UI&quot;, Roboto, &quot;Helvetica Neue&quot;, Arial, &quot;Noto Sans&quot;, sans-serif, &quot;Apple Color Emoji&quot;, &quot;Segoe UI Emoji&quot;, &quot;Segoe UI Symbol&quot;, &quot;Noto Color Emoji&quot;;\">Estos T\u00e9rminos y Condiciones se rigen por la legislaci\u00f3n espa\u00f1ola. Cualquier disputa ser\u00e1 sometida a los tribunales competentes de Lugo.<\/span><\/p>\t\t\t\t\t\t\t\t<\/div>\n\t\t\t\t\t<\/div>\n\t\t\t\t<\/div>\n\t\t<div class=\"elementor-element elementor-element-0ca86f6 e-flex e-con-boxed e-con e-parent\" data-id=\"0ca86f6\" data-element_type=\"container\" data-e-type=\"container\">\n\t\t\t\t\t<div class=\"e-con-inner\">\n\t\t\t\t<div class=\"elementor-element elementor-element-a2d67cc elementor-widget elementor-widget-spacer\" data-id=\"a2d67cc\" data-element_type=\"widget\" data-e-type=\"widget\" data-widget_type=\"spacer.default\">\n\t\t\t\t\t\t\t<div class=\"elementor-spacer\">\n\t\t\t<div class=\"elementor-spacer-inner\"><\/div>\n\t\t<\/div>\n\t\t\t\t\t\t<\/div>\n\t\t\t\t\t<\/div>\n\t\t\t\t<\/div>\n\t\t\t\t<\/div>\n\t\t","protected":false},"excerpt":{"rendered":"<p>Terminos y Condiciones de Uso 1. Informaci\u00f3n General Este sitio web es operado por Ferreter\u00eda Rucho, con domicilio en Av. de A Coru\u00f1a, 80, 27003 Lugo, Espa\u00f1a. Puedes contactarnos a trav\u00e9s del correo electr\u00f3nico info@rucho.es o llamando al 982 284 313. 2. Objeto Los presentes T\u00e9rminos y Condiciones regulan el acceso y uso del sitio [&hellip;]<\/p>\n","protected":false},"author":1,"featured_media":0,"parent":0,"menu_order":0,"comment_status":"closed","ping_status":"closed","template":"","meta":{"footnotes":""},"class_list":["post-276","page","type-page","status-publish","hentry"],"_links":{"self":[{"href":"https:\/\/sergio.imglo.es\/index.php\/wp-json\/wp\/v2\/pages\/276","targetHints":{"allow":["GET"]}}],"collection":[{"href":"https:\/\/sergio.imglo.es\/index.php\/wp-json\/wp\/v2\/pages"}],"about":[{"href":"https:\/\/sergio.imglo.es\/index.php\/wp-json\/wp\/v2\/types\/page"}],"author":[{"embeddable":true,"href":"https:\/\/sergio.imglo.es\/index.php\/wp-json\/wp\/v2\/users\/1"}],"replies":[{"embeddable":true,"href":"https:\/\/sergio.imglo.es\/index.php\/wp-json\/wp\/v2\/comments?post=276"}],"version-history":[{"count":18,"href":"https:\/\/sergio.imglo.es\/index.php\/wp-json\/wp\/v2\/pages\/276\/revisions"}],"predecessor-version":[{"id":842,"href":"https:\/\/sergio.imglo.es\/index.php\/wp-json\/wp\/v2\/pages\/276\/revisions\/842"}],"wp:attachment":[{"href":"https:\/\/sergio.imglo.es\/index.php\/wp-json\/wp\/v2\/media?parent=276"}],"curies":[{"name":"wp","href":"https:\/\/api.w.org\/{rel}","templated":true}]}}