{"id":260,"date":"2026-02-24T11:41:30","date_gmt":"2026-02-24T10:41:30","guid":{"rendered":"https:\/\/sergio.imglo.es\/?page_id=260"},"modified":"2026-02-25T10:37:50","modified_gmt":"2026-02-25T09:37:50","slug":"quienes_somos","status":"publish","type":"page","link":"https:\/\/sergio.imglo.es\/index.php\/quienes_somos\/","title":{"rendered":"\u00bfQuienes Somos?"},"content":{"rendered":"\t\t<div data-elementor-type=\"wp-page\" data-elementor-id=\"260\" class=\"elementor elementor-260\" data-elementor-post-type=\"page\">\n\t\t\t\t<div class=\"elementor-element elementor-element-42966cd e-flex e-con-boxed e-con e-parent\" data-id=\"42966cd\" data-element_type=\"container\" data-e-type=\"container\" data-settings=\"{&quot;background_background&quot;:&quot;classic&quot;}\">\n\t\t\t\t\t<div class=\"e-con-inner\">\n\t\t\t\t<div class=\"elementor-element elementor-element-8db29d7 elementor-widget__width-initial elementor-widget-mobile__width-initial elementor-widget elementor-widget-html\" data-id=\"8db29d7\" data-element_type=\"widget\" data-e-type=\"widget\" data-widget_type=\"html.default\">\n\t\t\t\t\t\n    \n\n\n<h1 style=\"color: #c81522; \n        font-family: Russo ONE;\n        font-size: 40px;\"> Ferreter\u00edas Rucho<\/h1>\n<p style=\"color: #424647;\n      font-family: Roboto;\n      font-size: 16px;\">Somos una empresa dedicada a facilitar suministros para la construcci\u00f3n, material de ferreter\u00eda, jugueter\u00eda y regalos, en la zona centro de la provincia de Lugo.<\/p><p>Somos una empresa familiar, en la que varias generaciones hemos tenido y tenemos el nombre de RUCHO como identificaci\u00f3n personal y empresarial, testimonio y garant\u00eda de atenci\u00f3n directa, de cercan\u00eda con los clientes, a los que pr\u00e1cticamente conocemos por su nombre y procedencia.<\/p><p>Prestamos servicio a la peque\u00f1a y mediana empresa en cuanto se refiere a suministro de herramientas, materiales de construcci\u00f3n y complementos de todo tipo, pero estamos abiertos al gran p\u00fablico que cada d\u00eda en mayor n\u00famero nos visita y reconoce nuestra excelente disposici\u00f3n a mejorar y aumentar paulatinamente nuestras existencias.<\/p><p>Le invitamos a que nos conozca y compruebe nuestras existencias, servicio y atenci\u00f3n personal.<\/p><p>En <strong>RUCHO<\/strong> tenemos vocaci\u00f3n comercial, y nos preocupamos de atenderle mejor cada d\u00eda.<\/p>\n\t\t\t\t<\/div>\n\t\t\t\t\t<\/div>\n\t\t\t\t<\/div>\n\t\t<div class=\"elementor-element elementor-element-a449282 e-grid e-con-boxed e-con e-parent\" data-id=\"a449282\" data-element_type=\"container\" data-e-type=\"container\">\n\t\t\t\t\t<div class=\"e-con-inner\">\n\t\t\t\t<div class=\"elementor-element elementor-element-f9c16a7 elementor-widget elementor-widget-image\" data-id=\"f9c16a7\" data-element_type=\"widget\" data-e-type=\"widget\" data-widget_type=\"image.default\">\n\t\t\t\t\t\t\t\t\t\t\t\t\t\t\t<img fetchpriority=\"high\" decoding=\"async\" width=\"259\" height=\"194\" src=\"https:\/\/sergio.imglo.es\/wp-content\/uploads\/2026\/02\/lugo1.jpg\" class=\"attachment-large size-large wp-image-262\" alt=\"\" \/>\t\t\t\t\t\t\t\t\t\t\t\t\t\t\t<\/div>\n\t\t\t\t<div class=\"elementor-element elementor-element-8b4102f elementor-widget elementor-widget-image\" data-id=\"8b4102f\" data-element_type=\"widget\" data-e-type=\"widget\" data-widget_type=\"image.default\">\n\t\t\t\t\t\t\t\t\t\t\t\t\t\t\t<img decoding=\"async\" width=\"259\" height=\"194\" src=\"https:\/\/sergio.imglo.es\/wp-content\/uploads\/2026\/02\/asnogais1.jpg\" class=\"attachment-large size-large wp-image-263\" alt=\"\" \/>\t\t\t\t\t\t\t\t\t\t\t\t\t\t\t<\/div>\n\t\t\t\t<div class=\"elementor-element elementor-element-7877a61 elementor-widget elementor-widget-image\" data-id=\"7877a61\" data-element_type=\"widget\" data-e-type=\"widget\" data-widget_type=\"image.default\">\n\t\t\t\t\t\t\t\t\t\t\t\t\t\t\t<img fetchpriority=\"high\" decoding=\"async\" width=\"259\" height=\"194\" src=\"https:\/\/sergio.imglo.es\/wp-content\/uploads\/2026\/02\/lugo1.jpg\" class=\"attachment-large size-large wp-image-262\" alt=\"\" \/>\t\t\t\t\t\t\t\t\t\t\t\t\t\t\t<\/div>\n\t\t\t\t\t<\/div>\n\t\t\t\t<\/div>\n\t\t<div class=\"elementor-element elementor-element-228eb5b e-flex e-con-boxed e-con e-parent\" data-id=\"228eb5b\" data-element_type=\"container\" data-e-type=\"container\">\n\t\t\t\t\t<div class=\"e-con-inner\">\n\t\t\t\t<div class=\"elementor-element elementor-element-6e42ce2 elementor-widget elementor-widget-spacer\" data-id=\"6e42ce2\" data-element_type=\"widget\" data-e-type=\"widget\" data-widget_type=\"spacer.default\">\n\t\t\t\t\t\t\t<div class=\"elementor-spacer\">\n\t\t\t<div class=\"elementor-spacer-inner\"><\/div>\n\t\t<\/div>\n\t\t\t\t\t\t<\/div>\n\t\t\t\t\t<\/div>\n\t\t\t\t<\/div>\n\t\t\t\t<\/div>\n\t\t","protected":false},"excerpt":{"rendered":"<p>Ferreter\u00edas Rucho Somos una empresa dedicada a facilitar suministros para la construcci\u00f3n, material de ferreter\u00eda, jugueter\u00eda y regalos, en la zona centro de la provincia de Lugo. Somos una empresa familiar, en la que varias generaciones hemos tenido y tenemos el nombre de RUCHO como identificaci\u00f3n personal y empresarial, testimonio y garant\u00eda de atenci\u00f3n directa, [&hellip;]<\/p>\n","protected":false},"author":1,"featured_media":0,"parent":0,"menu_order":0,"comment_status":"closed","ping_status":"closed","template":"","meta":{"footnotes":""},"class_list":["post-260","page","type-page","status-publish","hentry"],"_links":{"self":[{"href":"https:\/\/sergio.imglo.es\/index.php\/wp-json\/wp\/v2\/pages\/260","targetHints":{"allow":["GET"]}}],"collection":[{"href":"https:\/\/sergio.imglo.es\/index.php\/wp-json\/wp\/v2\/pages"}],"about":[{"href":"https:\/\/sergio.imglo.es\/index.php\/wp-json\/wp\/v2\/types\/page"}],"author":[{"embeddable":true,"href":"https:\/\/sergio.imglo.es\/index.php\/wp-json\/wp\/v2\/users\/1"}],"replies":[{"embeddable":true,"href":"https:\/\/sergio.imglo.es\/index.php\/wp-json\/wp\/v2\/comments?post=260"}],"version-history":[{"count":62,"href":"https:\/\/sergio.imglo.es\/index.php\/wp-json\/wp\/v2\/pages\/260\/revisions"}],"predecessor-version":[{"id":1051,"href":"https:\/\/sergio.imglo.es\/index.php\/wp-json\/wp\/v2\/pages\/260\/revisions\/1051"}],"wp:attachment":[{"href":"https:\/\/sergio.imglo.es\/index.php\/wp-json\/wp\/v2\/media?parent=260"}],"curies":[{"name":"wp","href":"https:\/\/api.w.org\/{rel}","templated":true}]}}