{"id":175,"date":"2026-02-24T11:41:31","date_gmt":"2026-02-24T10:41:31","guid":{"rendered":"https:\/\/sergio.imglo.es\/?page_id=175"},"modified":"2026-02-24T12:07:04","modified_gmt":"2026-02-24T11:07:04","slug":"nuestras_tiendas","status":"publish","type":"page","link":"https:\/\/sergio.imglo.es\/index.php\/nuestras_tiendas\/","title":{"rendered":"Nuestras Tiendas"},"content":{"rendered":"\t\t<div data-elementor-type=\"wp-page\" data-elementor-id=\"175\" class=\"elementor elementor-175\" data-elementor-post-type=\"page\">\n\t\t\t\t<div class=\"elementor-element elementor-element-cc1042d e-flex e-con-boxed e-con e-parent\" data-id=\"cc1042d\" data-element_type=\"container\" data-e-type=\"container\">\n\t\t\t\t\t<div class=\"e-con-inner\">\n\t\t\t\t<div class=\"elementor-element elementor-element-cd7880e elementor-widget elementor-widget-heading\" data-id=\"cd7880e\" data-element_type=\"widget\" data-e-type=\"widget\" data-widget_type=\"heading.default\">\n\t\t\t\t\t<h2 class=\"elementor-heading-title elementor-size-default\">Lugo<\/h2>\t\t\t\t<\/div>\n\t\t\t\t\t<\/div>\n\t\t\t\t<\/div>\n\t\t<div class=\"elementor-element elementor-element-2d59ada e-grid e-con-boxed e-con e-parent\" data-id=\"2d59ada\" data-element_type=\"container\" data-e-type=\"container\">\n\t\t\t\t\t<div class=\"e-con-inner\">\n\t\t\t\t<div class=\"elementor-element elementor-element-9b11ce3 elementor-widget elementor-widget-google_maps\" data-id=\"9b11ce3\" data-element_type=\"widget\" data-e-type=\"widget\" data-widget_type=\"google_maps.default\">\n\t\t\t\t\t\t\t<div class=\"elementor-custom-embed\">\n\t\t\t<iframe loading=\"lazy\"\n\t\t\t\t\tsrc=\"https:\/\/maps.google.com\/maps?q=Avenida%20de%20la%20coru%C3%B1a%2C%2080&#038;t=m&#038;z=16&#038;output=embed&#038;iwloc=near\"\n\t\t\t\t\ttitle=\"Avenida de la coru\u00f1a, 80\"\n\t\t\t\t\taria-label=\"Avenida de la coru\u00f1a, 80\"\n\t\t\t><\/iframe>\n\t\t<\/div>\n\t\t\t\t\t\t<\/div>\n\t\t\t\t<div class=\"elementor-element elementor-element-d643454 elementor-widget elementor-widget-html\" data-id=\"d643454\" data-element_type=\"widget\" data-e-type=\"widget\" data-widget_type=\"html.default\">\n\t\t\t\t\t<p style=\"color: #333333;\"\r\n\"font-size:16px\";\r\n\"font-family=Roboto\";><strong>HORARIO<\/strong>\r\n<br><br>\r\nDe Lunes a Viernes: 10:00 \u2013 14:00, 16:00 \u2013 20:30\r\n<br><br>\r\nS\u00e1bados: 10:00 \u2013 14:00\r\n<br><br>\r\n<strong>Tel\u00e9fono:<\/strong>\r\n<br><a href=\"tel:982284313\">982 28 43 13<\/a>\r\n\r\n\r\n\r\n<br><br>\r\n<strong>Estamos en:<\/strong><br>\r\nAv. de A Coru\u00f1a, 80, 27003 Lugo\t\t\t\t<\/div>\n\t\t\t\t\t<\/div>\n\t\t\t\t<\/div>\n\t\t<div class=\"elementor-element elementor-element-8860211 e-flex e-con-boxed e-con e-parent\" data-id=\"8860211\" data-element_type=\"container\" data-e-type=\"container\">\n\t\t\t\t\t<div class=\"e-con-inner\">\n\t\t\t\t<div class=\"elementor-element elementor-element-ca82440 elementor-widget elementor-widget-spacer\" data-id=\"ca82440\" data-element_type=\"widget\" data-e-type=\"widget\" data-widget_type=\"spacer.default\">\n\t\t\t\t\t\t\t<div class=\"elementor-spacer\">\n\t\t\t<div class=\"elementor-spacer-inner\"><\/div>\n\t\t<\/div>\n\t\t\t\t\t\t<\/div>\n\t\t\t\t\t<\/div>\n\t\t\t\t<\/div>\n\t\t<div class=\"elementor-element elementor-element-2c78e5c e-flex e-con-boxed e-con e-parent\" data-id=\"2c78e5c\" data-element_type=\"container\" data-e-type=\"container\">\n\t\t\t\t\t<div class=\"e-con-inner\">\n\t\t\t\t<div class=\"elementor-element elementor-element-83d6690 elementor-widget elementor-widget-heading\" data-id=\"83d6690\" data-element_type=\"widget\" data-e-type=\"widget\" data-widget_type=\"heading.default\">\n\t\t\t\t\t<h2 class=\"elementor-heading-title elementor-size-default\">As Nogais<\/h2>\t\t\t\t<\/div>\n\t\t\t\t\t<\/div>\n\t\t\t\t<\/div>\n\t\t<div class=\"elementor-element elementor-element-83d640e e-grid e-con-boxed e-con e-parent\" data-id=\"83d640e\" data-element_type=\"container\" data-e-type=\"container\">\n\t\t\t\t\t<div class=\"e-con-inner\">\n\t\t\t\t<div class=\"elementor-element elementor-element-42e2fe4 elementor-widget elementor-widget-google_maps\" data-id=\"42e2fe4\" data-element_type=\"widget\" data-e-type=\"widget\" data-widget_type=\"google_maps.default\">\n\t\t\t\t\t\t\t<div class=\"elementor-custom-embed\">\n\t\t\t<iframe loading=\"lazy\"\n\t\t\t\t\tsrc=\"https:\/\/maps.google.com\/maps?q=R%C3%BAa%20Rosal%C3%ADa%20de%20Castro%2C%2024%20R%C3%BAa%20Rosal%C3%ADa%20de%20Castro%2C%2024%2C%2027677%20As%20Nogais%2C%20Lugo&#038;t=m&#038;z=15&#038;output=embed&#038;iwloc=near\"\n\t\t\t\t\ttitle=\"R\u00faa Rosal\u00eda de Castro, 24 R\u00faa Rosal\u00eda de Castro, 24, 27677 As Nogais, Lugo\"\n\t\t\t\t\taria-label=\"R\u00faa Rosal\u00eda de Castro, 24 R\u00faa Rosal\u00eda de Castro, 24, 27677 As Nogais, Lugo\"\n\t\t\t><\/iframe>\n\t\t<\/div>\n\t\t\t\t\t\t<\/div>\n\t\t\t\t<div class=\"elementor-element elementor-element-34a2fc4 elementor-widget elementor-widget-html\" data-id=\"34a2fc4\" data-element_type=\"widget\" data-e-type=\"widget\" data-widget_type=\"html.default\">\n\t\t\t\t\t<p style=\"color: #333333;\"\r\n\"font-size:16px\";\r\n\"font-family=Roboto\";><strong>HORARIO<\/strong>\r\n<br><br>\r\nDe Lunes a Viernes: 10:00 \u2013 14:00, 16:00 \u2013 20:00\r\n<br><br>\r\n<strong>Tel\u00e9fono:<\/strong>\r\n<br>\r\n<a href=\"tel:982364002\">982 36 40 02<\/a>\r\n<br><br>\r\n<strong>Estamos en:<\/strong><br><br>\r\nRua Rosal\u00eda de Castro, 24 Bajo\t\t\t\t<\/div>\n\t\t\t\t\t<\/div>\n\t\t\t\t<\/div>\n\t\t<div class=\"elementor-element elementor-element-d763a66 e-flex e-con-boxed e-con e-parent\" data-id=\"d763a66\" data-element_type=\"container\" data-e-type=\"container\">\n\t\t\t\t\t<div class=\"e-con-inner\">\n\t\t\t\t<div class=\"elementor-element elementor-element-482695b elementor-widget elementor-widget-spacer\" data-id=\"482695b\" data-element_type=\"widget\" data-e-type=\"widget\" data-widget_type=\"spacer.default\">\n\t\t\t\t\t\t\t<div class=\"elementor-spacer\">\n\t\t\t<div class=\"elementor-spacer-inner\"><\/div>\n\t\t<\/div>\n\t\t\t\t\t\t<\/div>\n\t\t\t\t\t<\/div>\n\t\t\t\t<\/div>\n\t\t<div class=\"elementor-element elementor-element-8b6b319 e-flex e-con-boxed e-con e-parent\" data-id=\"8b6b319\" data-element_type=\"container\" data-e-type=\"container\">\n\t\t\t\t\t<div class=\"e-con-inner\">\n\t\t\t\t<div class=\"elementor-element elementor-element-da4bf11 elementor-widget elementor-widget-heading\" data-id=\"da4bf11\" data-element_type=\"widget\" data-e-type=\"widget\" data-widget_type=\"heading.default\">\n\t\t\t\t\t<h2 class=\"elementor-heading-title elementor-size-default\">Becerre\u00e1<\/h2>\t\t\t\t<\/div>\n\t\t\t\t\t<\/div>\n\t\t\t\t<\/div>\n\t\t<div class=\"elementor-element elementor-element-ed7f868 e-grid e-con-boxed e-con e-parent\" data-id=\"ed7f868\" data-element_type=\"container\" data-e-type=\"container\">\n\t\t\t\t\t<div class=\"e-con-inner\">\n\t\t\t\t<div class=\"elementor-element elementor-element-252c7e8 elementor-widget elementor-widget-google_maps\" data-id=\"252c7e8\" data-element_type=\"widget\" data-e-type=\"widget\" data-widget_type=\"google_maps.default\">\n\t\t\t\t\t\t\t<div class=\"elementor-custom-embed\">\n\t\t\t<iframe loading=\"lazy\"\n\t\t\t\t\tsrc=\"https:\/\/maps.google.com\/maps?q=R%C3%BAa%20Carlos%20III%2C%2032%20R%C3%BAa%20Carlos%20III%2C%2032%2C%2027640%20Becerre%C3%A1%2C%20Lugo&#038;t=m&#038;z=15&#038;output=embed&#038;iwloc=near\"\n\t\t\t\t\ttitle=\"R\u00faa Carlos III, 32 R\u00faa Carlos III, 32, 27640 Becerre\u00e1, Lugo\"\n\t\t\t\t\taria-label=\"R\u00faa Carlos III, 32 R\u00faa Carlos III, 32, 27640 Becerre\u00e1, Lugo\"\n\t\t\t><\/iframe>\n\t\t<\/div>\n\t\t\t\t\t\t<\/div>\n\t\t\t\t<div class=\"elementor-element elementor-element-1ceae27 elementor-widget elementor-widget-html\" data-id=\"1ceae27\" data-element_type=\"widget\" data-e-type=\"widget\" data-widget_type=\"html.default\">\n\t\t\t\t\t<style>\r\n    a {\r\n        color: red;\r\n        text-decoration: none;\r\n    }\r\n\r\n    a:hover {\r\n        text-decoration: underline;\r\n    }\r\n<\/style>\r\n\r\n<p style=\"color: #333333; font-size:16px; font-family:Roboto;\">\r\n    <strong>HORARIO<\/strong>\r\n    <br><br>\r\n    De Lunes a Viernes: 10:00 \u2013 14:00, 16:00 \u2013 21:00\r\n    <br><br>\r\n    S\u00e1bados: 10:00 \u2013 14:00\r\n    <br><br>\r\n    <strong>Tel\u00e9fono:<\/strong>\r\n    <br>\r\n    <a href=\"tel:982360369\">982 36 03 69<\/a>\r\n    <br><br>\r\n    <strong>Estamos en:<\/strong> \r\n    <br>\r\n    R\u00faa Carlos III, 32\r\n<\/p>\r\n\r\n\r\n\r\n\t\t\t\t<\/div>\n\t\t\t\t\t<\/div>\n\t\t\t\t<\/div>\n\t\t<div class=\"elementor-element elementor-element-6386cc8 e-flex e-con-boxed e-con e-parent\" data-id=\"6386cc8\" data-element_type=\"container\" data-e-type=\"container\">\n\t\t\t\t\t<div class=\"e-con-inner\">\n\t\t\t\t<div class=\"elementor-element elementor-element-c841d1a elementor-widget elementor-widget-spacer\" data-id=\"c841d1a\" data-element_type=\"widget\" data-e-type=\"widget\" data-widget_type=\"spacer.default\">\n\t\t\t\t\t\t\t<div class=\"elementor-spacer\">\n\t\t\t<div class=\"elementor-spacer-inner\"><\/div>\n\t\t<\/div>\n\t\t\t\t\t\t<\/div>\n\t\t\t\t\t<\/div>\n\t\t\t\t<\/div>\n\t\t\t\t<\/div>\n\t\t","protected":false},"excerpt":{"rendered":"<p>Lugo HORARIO De Lunes a Viernes: 10:00 \u2013 14:00, 16:00 \u2013 20:30 S\u00e1bados: 10:00 \u2013 14:00 Tel\u00e9fono: 982 28 43 13 Estamos en: Av. de A Coru\u00f1a, 80, 27003 Lugo As Nogais HORARIO De Lunes a Viernes: 10:00 \u2013 14:00, 16:00 \u2013 20:00 Tel\u00e9fono: 982 36 40 02 Estamos en: Rua Rosal\u00eda de Castro, 24 [&hellip;]<\/p>\n","protected":false},"author":1,"featured_media":0,"parent":0,"menu_order":0,"comment_status":"closed","ping_status":"closed","template":"","meta":{"footnotes":""},"class_list":["post-175","page","type-page","status-publish","hentry"],"_links":{"self":[{"href":"https:\/\/sergio.imglo.es\/index.php\/wp-json\/wp\/v2\/pages\/175","targetHints":{"allow":["GET"]}}],"collection":[{"href":"https:\/\/sergio.imglo.es\/index.php\/wp-json\/wp\/v2\/pages"}],"about":[{"href":"https:\/\/sergio.imglo.es\/index.php\/wp-json\/wp\/v2\/types\/page"}],"author":[{"embeddable":true,"href":"https:\/\/sergio.imglo.es\/index.php\/wp-json\/wp\/v2\/users\/1"}],"replies":[{"embeddable":true,"href":"https:\/\/sergio.imglo.es\/index.php\/wp-json\/wp\/v2\/comments?post=175"}],"version-history":[{"count":56,"href":"https:\/\/sergio.imglo.es\/index.php\/wp-json\/wp\/v2\/pages\/175\/revisions"}],"predecessor-version":[{"id":788,"href":"https:\/\/sergio.imglo.es\/index.php\/wp-json\/wp\/v2\/pages\/175\/revisions\/788"}],"wp:attachment":[{"href":"https:\/\/sergio.imglo.es\/index.php\/wp-json\/wp\/v2\/media?parent=175"}],"curies":[{"name":"wp","href":"https:\/\/api.w.org\/{rel}","templated":true}]}}